{"id":1553,"date":"2024-10-22T17:57:35","date_gmt":"2024-10-22T15:57:35","guid":{"rendered":"https:\/\/versens.dev\/entreprise\/"},"modified":"2025-01-12T18:51:40","modified_gmt":"2025-01-12T17:51:40","slug":"entreprise","status":"publish","type":"page","link":"https:\/\/fesit.es\/fr\/entreprise\/","title":{"rendered":"Entreprise"},"content":{"rendered":"\t\t<div data-elementor-type=\"wp-page\" data-elementor-id=\"1553\" class=\"elementor elementor-1553 elementor-29\" data-elementor-post-type=\"page\">\n\t\t\t\t<div class=\"elementor-element elementor-element-2a8adf3 e-con-full sombraCaja e-flex e-con e-parent\" data-id=\"2a8adf3\" data-element_type=\"container\" data-e-type=\"container\" data-settings=\"{&quot;background_background&quot;:&quot;classic&quot;}\">\n\t\t\t\t<div class=\"elementor-element elementor-element-50ed086 elementor-widget elementor-widget-heading\" data-id=\"50ed086\" data-element_type=\"widget\" data-e-type=\"widget\" data-widget_type=\"heading.default\">\n\t\t\t\t<div class=\"elementor-widget-container\">\n\t\t\t\t\t<h1 class=\"elementor-heading-title elementor-size-default\">Notre histoire<\/h1>\t\t\t\t<\/div>\n\t\t\t\t<\/div>\n\t\t\t\t<\/div>\n\t\t<div class=\"elementor-element elementor-element-fe8eee3 e-flex e-con-boxed e-con e-parent\" data-id=\"fe8eee3\" data-element_type=\"container\" data-e-type=\"container\">\n\t\t\t\t\t<div class=\"e-con-inner\">\n\t\t<div class=\"elementor-element elementor-element-86dd9d7 e-con-full e-flex e-con e-child\" data-id=\"86dd9d7\" data-element_type=\"container\" data-e-type=\"container\" data-settings=\"{&quot;background_background&quot;:&quot;classic&quot;}\">\n\t\t\t\t<\/div>\n\t\t<div class=\"elementor-element elementor-element-b067779 e-con-full e-flex e-con e-child\" data-id=\"b067779\" data-element_type=\"container\" data-e-type=\"container\">\n\t\t\t\t<div class=\"elementor-element elementor-element-813fa36 elementor-widget elementor-widget-heading\" data-id=\"813fa36\" data-element_type=\"widget\" data-e-type=\"widget\" data-widget_type=\"heading.default\">\n\t\t\t\t<div class=\"elementor-widget-container\">\n\t\t\t\t\t<h2 class=\"elementor-heading-title elementor-size-default\">Qui sommes-nous ?<\/h2>\t\t\t\t<\/div>\n\t\t\t\t<\/div>\n\t\t\t\t<div class=\"elementor-element elementor-element-4308cee elementor-widget elementor-widget-text-editor\" data-id=\"4308cee\" data-element_type=\"widget\" data-e-type=\"widget\" data-widget_type=\"text-editor.default\">\n\t\t\t\t<div class=\"elementor-widget-container\">\n\t\t\t\t\t\t\t\t\t<p>FESIT\u00ae a \u00e9t\u00e9 fond\u00e9e en 1993 \u00e0 Madrid, sp\u00e9cialis\u00e9e dans l\u2019emboutissage de pi\u00e8ces m\u00e9talliques et l\u2019injection de mat\u00e9riaux thermoplastiques. Depuis notre cr\u00e9ation, nous nous sommes distingu\u00e9s par notre capacit\u00e9 d\u2019innovation constante, ce qui nous a permis d\u2019\u00eatre une r\u00e9f\u00e9rence en Europe en tant que fournisseur de produits de haute qualit\u00e9.<\/p>\n\t\t\t\t\t\t\t\t<\/div>\n\t\t\t\t<\/div>\n\t\t\t\t<\/div>\n\t\t\t\t\t<\/div>\n\t\t\t\t<\/div>\n\t\t<div class=\"elementor-element elementor-element-610c9c3 e-flex e-con-boxed e-con e-parent\" data-id=\"610c9c3\" data-element_type=\"container\" data-e-type=\"container\">\n\t\t\t\t\t<div class=\"e-con-inner\">\n\t\t<div class=\"elementor-element elementor-element-60860b8 e-con-full e-flex e-con e-child\" data-id=\"60860b8\" data-element_type=\"container\" data-e-type=\"container\">\n\t\t\t\t<div class=\"elementor-element elementor-element-5e91dff elementor-widget elementor-widget-heading\" data-id=\"5e91dff\" data-element_type=\"widget\" data-e-type=\"widget\" data-widget_type=\"heading.default\">\n\t\t\t\t<div class=\"elementor-widget-container\">\n\t\t\t\t\t<h2 class=\"elementor-heading-title elementor-size-default\">Engagement envers la qualit\u00e9 et l\u2019innovation<\/h2>\t\t\t\t<\/div>\n\t\t\t\t<\/div>\n\t\t\t\t<div class=\"elementor-element elementor-element-8965ab6 elementor-widget elementor-widget-text-editor\" data-id=\"8965ab6\" data-element_type=\"widget\" data-e-type=\"widget\" data-widget_type=\"text-editor.default\">\n\t\t\t\t<div class=\"elementor-widget-container\">\n\t\t\t\t\t\t\t\t\t<p>Nous disposons d\u2019une large gamme de produits et de plus de 8 000 r\u00e9f\u00e9rences en stock pour r\u00e9pondre \u00e0 la demande de nos clients. Nous nous effor\u00e7ons de rechercher et de d\u00e9velopper de nouvelles solutions pour les secteurs de la construction et de l\u2019industrie, en privil\u00e9giant toujours la qualit\u00e9.<\/p>\n\t\t\t\t\t\t\t\t<\/div>\n\t\t\t\t<\/div>\n\t\t\t\t<\/div>\n\t\t<div class=\"elementor-element elementor-element-c731c82 e-con-full e-flex e-con e-child\" data-id=\"c731c82\" data-element_type=\"container\" data-e-type=\"container\" data-settings=\"{&quot;background_background&quot;:&quot;classic&quot;}\">\n\t\t\t\t<\/div>\n\t\t\t\t\t<\/div>\n\t\t\t\t<\/div>\n\t\t<div class=\"elementor-element elementor-element-656710e e-flex e-con-boxed e-con e-parent\" data-id=\"656710e\" data-element_type=\"container\" data-e-type=\"container\">\n\t\t\t\t\t<div class=\"e-con-inner\">\n\t\t<div class=\"elementor-element elementor-element-4993aaa e-con-full e-flex e-con e-child\" data-id=\"4993aaa\" data-element_type=\"container\" data-e-type=\"container\" data-settings=\"{&quot;background_background&quot;:&quot;classic&quot;}\">\n\t\t\t\t<\/div>\n\t\t<div class=\"elementor-element elementor-element-768a92b e-con-full e-flex e-con e-child\" data-id=\"768a92b\" data-element_type=\"container\" data-e-type=\"container\">\n\t\t\t\t<div class=\"elementor-element elementor-element-a7606d3 elementor-widget elementor-widget-heading\" data-id=\"a7606d3\" data-element_type=\"widget\" data-e-type=\"widget\" data-widget_type=\"heading.default\">\n\t\t\t\t<div class=\"elementor-widget-container\">\n\t\t\t\t\t<h2 class=\"elementor-heading-title elementor-size-default\">Fabriqu\u00e9 en Espagne<\/h2>\t\t\t\t<\/div>\n\t\t\t\t<\/div>\n\t\t\t\t<div class=\"elementor-element elementor-element-ab21b8f elementor-widget elementor-widget-text-editor\" data-id=\"ab21b8f\" data-element_type=\"widget\" data-e-type=\"widget\" data-widget_type=\"text-editor.default\">\n\t\t\t\t<div class=\"elementor-widget-container\">\n\t\t\t\t\t\t\t\t\t<p>Nous d\u00e9veloppons nos produits avec minutie, fabriquons des pi\u00e8ces m\u00e9talliques embouties, assemblons, injectons, fabriquons avec le plus grand soin, avec un souci clair de qualit\u00e9 et d\u2019am\u00e9lioration constante.<\/p>\n\t\t\t\t\t\t\t\t<\/div>\n\t\t\t\t<\/div>\n\t\t\t\t<\/div>\n\t\t\t\t\t<\/div>\n\t\t\t\t<\/div>\n\t\t\t\t<\/div>\n\t\t","protected":false},"excerpt":{"rendered":"<p>Notre histoire Qui sommes-nous ? FESIT\u00ae a \u00e9t\u00e9 fond\u00e9e en 1993 \u00e0 Madrid, sp\u00e9cialis\u00e9e dans l\u2019emboutissage de pi\u00e8ces m\u00e9talliques et l\u2019injection de mat\u00e9riaux thermoplastiques. Depuis notre cr\u00e9ation, nous nous sommes distingu\u00e9s par notre capacit\u00e9 d\u2019innovation constante, ce qui nous a permis d\u2019\u00eatre une r\u00e9f\u00e9rence en Europe en tant que fournisseur de produits de haute qualit\u00e9. [&hellip;]<\/p>\n","protected":false},"author":1,"featured_media":0,"parent":0,"menu_order":0,"comment_status":"closed","ping_status":"closed","template":"","meta":{"_joinchat":[],"footnotes":""},"class_list":["post-1553","page","type-page","status-publish","hentry"],"_links":{"self":[{"href":"https:\/\/fesit.es\/fr\/wp-json\/wp\/v2\/pages\/1553","targetHints":{"allow":["GET"]}}],"collection":[{"href":"https:\/\/fesit.es\/fr\/wp-json\/wp\/v2\/pages"}],"about":[{"href":"https:\/\/fesit.es\/fr\/wp-json\/wp\/v2\/types\/page"}],"author":[{"embeddable":true,"href":"https:\/\/fesit.es\/fr\/wp-json\/wp\/v2\/users\/1"}],"replies":[{"embeddable":true,"href":"https:\/\/fesit.es\/fr\/wp-json\/wp\/v2\/comments?post=1553"}],"version-history":[{"count":7,"href":"https:\/\/fesit.es\/fr\/wp-json\/wp\/v2\/pages\/1553\/revisions"}],"predecessor-version":[{"id":7545,"href":"https:\/\/fesit.es\/fr\/wp-json\/wp\/v2\/pages\/1553\/revisions\/7545"}],"wp:attachment":[{"href":"https:\/\/fesit.es\/fr\/wp-json\/wp\/v2\/media?parent=1553"}],"curies":[{"name":"wp","href":"https:\/\/api.w.org\/{rel}","templated":true}]}}